{"id":9219,"date":"2018-02-10T22:26:38","date_gmt":"2018-02-10T21:26:38","guid":{"rendered":"https:\/\/wa.pb.edu.pl\/admission\/kierunki-studiow\/"},"modified":"2024-04-11T10:38:59","modified_gmt":"2024-04-11T08:38:59","slug":"study-offer","status":"publish","type":"page","link":"https:\/\/wa.pb.edu.pl\/en\/admission\/study-offer\/","title":{"rendered":"Study offer"},"content":{"rendered":"<h3><strong>Full-Time Students<\/strong><\/h3>\n<hr>\n<p id=\"isPasted\"><strong>Master degree engineering studies &#8211; &nbsp;<\/strong><strong>Faculty of Architecture<\/strong><\/p>\n<p><strong><u>Architecture&nbsp;<\/u><\/strong><\/p>\n<p>MASTER&#8217;S STUDIES 1.5-year, full-time program The studies are intended for graduates of engineering studies in the field of architecture\/architecture and urban planning, who hold a Bachelor&#8217;s degree and possess the necessary competencies to continue their education in the second-degree studies of this field. &nbsp;<\/p>\n<p>The study program encompasses interdisciplinary technical knowledge and extensive knowledge in the field of humanities.&nbsp;Here, you will acquire comprehensive technical knowledge concerning:<\/p>\n<ul type=\"disc\">\n<li>Advanced technical aspects of design,<\/li>\n<li>Humanities-related theories in architecture, urban planning, and art,<\/li>\n<li>Conservation theory,<\/li>\n<li>Selected issues in philosophy, sociology, and management.<\/li>\n<\/ul>\n<p>You will gain skills in designing buildings or urban complexes of high complexity, considering social factors and meeting high functional, technical, aesthetic, and cultural requirements, ensuring safety and comfort of use, including for people with disabilities. As a graduate of this field, you will be able to conduct studies in conservation protection, develop spatial planning, regional plans, and local plans.<\/p>\n<p>Course description cards &#8211; <a href=\"https:\/\/box.biaman.pl\/d\/041fff3ae049496aa5ca\/\">link<\/a><\/p>\n<p><strong><u>Interior Design<\/u><\/strong><\/p>\n<p>MASTER&#8217;S STUDIES 1.5-year, full-time program &#8211; The studies are intended for graduates of engineering studies in the fields of interior architecture, architecture\/architecture and urban planning, and design, who hold a Bachelor&#8217;s degree and possess the necessary competencies to continue their education in the second-degree studies of this field.<\/p>\n<p>In this field, you will acquire advanced, interdisciplinary (technical and humanistic) knowledge, deepened by an awareness of shaping the immediate human environment based on psycho-physiological factors. As a graduate, you will be able to design interiors in facilities with complex functions and formal structures, in residential and public utility buildings, including large-scale interiors, sets of interiors with diverse utility programs, also considering conservation constraints.<\/p>\n<p>You will be able to create and implement:<\/p>\n<ul type=\"disc\">\n<li>Projects in the field of industrial design (furniture, utility forms),<\/li>\n<li>Exhibition design,<\/li>\n<li>Arrangements of small open areas,<\/li>\n<li>Artistic installations.<\/li>\n<\/ul>\n<p>Study Programme &#8211; <a href=\"https:\/\/box.biaman.pl\/d\/ddf6a749abee4d788c3f\/\">link<\/a><\/p>\n","protected":false},"excerpt":{"rendered":"<p>Full-Time Students Master degree engineering studies &#8211; &nbsp;Faculty of Architecture Architecture&nbsp; MASTER&#8217;S STUDIES 1.5-year, full-time<a class=\"read-more\" href=\"https:\/\/wa.pb.edu.pl\/en\/admission\/study-offer\/\" title=\"Poka\u017c artyku\u0142 Study offer\">more<\/a><\/p>\n","protected":false},"author":2,"featured_media":0,"parent":9205,"menu_order":2,"comment_status":"closed","ping_status":"closed","template":"","meta":{"inline_featured_image":false,"ngg_post_thumbnail":0,"footnotes":""},"class_list":["post-9219","page","type-page","status-publish","hentry"],"acf":[],"yoast_head":"<!-- This site is optimized with the Yoast SEO plugin v26.4 - https:\/\/yoast.com\/wordpress\/plugins\/seo\/ -->\n<title>Study offer - Wydzia\u0142 Architektury Politechnika Bia\u0142ostocka<\/title>\n<meta name=\"description\" content=\"Studia I stopnia - in\u017cynierskie, studia II stopnia - magisterskie - szczeg\u00f3\u0142owa oferta Wydzia\u0142u Architektury Politechniki Bia\u0142ostockiej\" \/>\n<meta name=\"robots\" content=\"index, follow, max-snippet:-1, max-image-preview:large, max-video-preview:-1\" \/>\n<link rel=\"canonical\" href=\"https:\/\/wa.pb.edu.pl\/en\/admission\/study-offer\/\" \/>\n<meta property=\"og:locale\" content=\"en_US\" \/>\n<meta property=\"og:type\" content=\"article\" \/>\n<meta property=\"og:title\" content=\"Study offer - Wydzia\u0142 Architektury Politechnika Bia\u0142ostocka\" \/>\n<meta property=\"og:description\" content=\"Studia I stopnia - in\u017cynierskie, studia II stopnia - magisterskie - szczeg\u00f3\u0142owa oferta Wydzia\u0142u Architektury Politechniki Bia\u0142ostockiej\" \/>\n<meta property=\"og:url\" content=\"https:\/\/wa.pb.edu.pl\/en\/admission\/study-offer\/\" \/>\n<meta property=\"og:site_name\" content=\"Faculty of Architecture\" \/>\n<meta property=\"article:modified_time\" content=\"2024-04-11T08:38:59+00:00\" \/>\n<meta name=\"twitter:label1\" content=\"Est. reading time\" \/>\n\t<meta name=\"twitter:data1\" content=\"2 minutes\" \/>\n<script type=\"application\/ld+json\" class=\"yoast-schema-graph\">{\"@context\":\"https:\/\/schema.org\",\"@graph\":[{\"@type\":\"WebPage\",\"@id\":\"https:\/\/wa.pb.edu.pl\/en\/admission\/study-offer\/\",\"url\":\"https:\/\/wa.pb.edu.pl\/en\/admission\/study-offer\/\",\"name\":\"Study offer - Wydzia\u0142 Architektury Politechnika Bia\u0142ostocka\",\"isPartOf\":{\"@id\":\"https:\/\/wa.pb.edu.pl\/en\/#website\"},\"datePublished\":\"2018-02-10T21:26:38+00:00\",\"dateModified\":\"2024-04-11T08:38:59+00:00\",\"description\":\"Studia I stopnia - in\u017cynierskie, studia II stopnia - magisterskie - szczeg\u00f3\u0142owa oferta Wydzia\u0142u Architektury Politechniki Bia\u0142ostockiej\",\"breadcrumb\":{\"@id\":\"https:\/\/wa.pb.edu.pl\/en\/admission\/study-offer\/#breadcrumb\"},\"inLanguage\":\"en-US\",\"potentialAction\":[{\"@type\":\"ReadAction\",\"target\":[\"https:\/\/wa.pb.edu.pl\/en\/admission\/study-offer\/\"]}]},{\"@type\":\"BreadcrumbList\",\"@id\":\"https:\/\/wa.pb.edu.pl\/en\/admission\/study-offer\/#breadcrumb\",\"itemListElement\":[{\"@type\":\"ListItem\",\"position\":1,\"name\":\"Strona g\u0142\u00f3wna\",\"item\":\"https:\/\/wa.pb.edu.pl\/en\/\"},{\"@type\":\"ListItem\",\"position\":2,\"name\":\"Admission\",\"item\":\"https:\/\/wa.pb.edu.pl\/en\/admission\/\"},{\"@type\":\"ListItem\",\"position\":3,\"name\":\"Study offer\"}]},{\"@type\":\"WebSite\",\"@id\":\"https:\/\/wa.pb.edu.pl\/en\/#website\",\"url\":\"https:\/\/wa.pb.edu.pl\/en\/\",\"name\":\"Faculty of Architecture\",\"description\":\"\",\"potentialAction\":[{\"@type\":\"SearchAction\",\"target\":{\"@type\":\"EntryPoint\",\"urlTemplate\":\"https:\/\/wa.pb.edu.pl\/en\/?s={search_term_string}\"},\"query-input\":{\"@type\":\"PropertyValueSpecification\",\"valueRequired\":true,\"valueName\":\"search_term_string\"}}],\"inLanguage\":\"en-US\"}]}<\/script>\n<!-- \/ Yoast SEO plugin. -->","yoast_head_json":{"title":"Study offer - Wydzia\u0142 Architektury Politechnika Bia\u0142ostocka","description":"Studia I stopnia - in\u017cynierskie, studia II stopnia - magisterskie - szczeg\u00f3\u0142owa oferta Wydzia\u0142u Architektury Politechniki Bia\u0142ostockiej","robots":{"index":"index","follow":"follow","max-snippet":"max-snippet:-1","max-image-preview":"max-image-preview:large","max-video-preview":"max-video-preview:-1"},"canonical":"https:\/\/wa.pb.edu.pl\/en\/admission\/study-offer\/","og_locale":"en_US","og_type":"article","og_title":"Study offer - Wydzia\u0142 Architektury Politechnika Bia\u0142ostocka","og_description":"Studia I stopnia - in\u017cynierskie, studia II stopnia - magisterskie - szczeg\u00f3\u0142owa oferta Wydzia\u0142u Architektury Politechniki Bia\u0142ostockiej","og_url":"https:\/\/wa.pb.edu.pl\/en\/admission\/study-offer\/","og_site_name":"Faculty of Architecture","article_modified_time":"2024-04-11T08:38:59+00:00","twitter_misc":{"Est. reading time":"2 minutes"},"schema":{"@context":"https:\/\/schema.org","@graph":[{"@type":"WebPage","@id":"https:\/\/wa.pb.edu.pl\/en\/admission\/study-offer\/","url":"https:\/\/wa.pb.edu.pl\/en\/admission\/study-offer\/","name":"Study offer - Wydzia\u0142 Architektury Politechnika Bia\u0142ostocka","isPartOf":{"@id":"https:\/\/wa.pb.edu.pl\/en\/#website"},"datePublished":"2018-02-10T21:26:38+00:00","dateModified":"2024-04-11T08:38:59+00:00","description":"Studia I stopnia - in\u017cynierskie, studia II stopnia - magisterskie - szczeg\u00f3\u0142owa oferta Wydzia\u0142u Architektury Politechniki Bia\u0142ostockiej","breadcrumb":{"@id":"https:\/\/wa.pb.edu.pl\/en\/admission\/study-offer\/#breadcrumb"},"inLanguage":"en-US","potentialAction":[{"@type":"ReadAction","target":["https:\/\/wa.pb.edu.pl\/en\/admission\/study-offer\/"]}]},{"@type":"BreadcrumbList","@id":"https:\/\/wa.pb.edu.pl\/en\/admission\/study-offer\/#breadcrumb","itemListElement":[{"@type":"ListItem","position":1,"name":"Strona g\u0142\u00f3wna","item":"https:\/\/wa.pb.edu.pl\/en\/"},{"@type":"ListItem","position":2,"name":"Admission","item":"https:\/\/wa.pb.edu.pl\/en\/admission\/"},{"@type":"ListItem","position":3,"name":"Study offer"}]},{"@type":"WebSite","@id":"https:\/\/wa.pb.edu.pl\/en\/#website","url":"https:\/\/wa.pb.edu.pl\/en\/","name":"Faculty of Architecture","description":"","potentialAction":[{"@type":"SearchAction","target":{"@type":"EntryPoint","urlTemplate":"https:\/\/wa.pb.edu.pl\/en\/?s={search_term_string}"},"query-input":{"@type":"PropertyValueSpecification","valueRequired":true,"valueName":"search_term_string"}}],"inLanguage":"en-US"}]}},"_links":{"self":[{"href":"https:\/\/wa.pb.edu.pl\/en\/wp-json\/wp\/v2\/pages\/9219","targetHints":{"allow":["GET"]}}],"collection":[{"href":"https:\/\/wa.pb.edu.pl\/en\/wp-json\/wp\/v2\/pages"}],"about":[{"href":"https:\/\/wa.pb.edu.pl\/en\/wp-json\/wp\/v2\/types\/page"}],"author":[{"embeddable":true,"href":"https:\/\/wa.pb.edu.pl\/en\/wp-json\/wp\/v2\/users\/2"}],"replies":[{"embeddable":true,"href":"https:\/\/wa.pb.edu.pl\/en\/wp-json\/wp\/v2\/comments?post=9219"}],"version-history":[{"count":0,"href":"https:\/\/wa.pb.edu.pl\/en\/wp-json\/wp\/v2\/pages\/9219\/revisions"}],"up":[{"embeddable":true,"href":"https:\/\/wa.pb.edu.pl\/en\/wp-json\/wp\/v2\/pages\/9205"}],"wp:attachment":[{"href":"https:\/\/wa.pb.edu.pl\/en\/wp-json\/wp\/v2\/media?parent=9219"}],"curies":[{"name":"wp","href":"https:\/\/api.w.org\/{rel}","templated":true}]}}